{"id":20,"date":"2019-11-08T17:36:42","date_gmt":"2019-11-08T16:36:42","guid":{"rendered":"http:\/\/www.daralmajusguesthouse.proterrasancta.org\/?page_id=20"},"modified":"2024-06-10T17:32:32","modified_gmt":"2024-06-10T15:32:32","slug":"chi-siamo","status":"publish","type":"page","link":"https:\/\/daralmajusguesthouse.proterrasancta.org\/daralmajusguesthouse\/chi-siamo\/","title":{"rendered":"Chi siamo"},"content":{"rendered":"\n<h2><small>Social Community Development &#8211; Sviluppo sociale di comunit\u00e0<\/small><\/h2>\n\n\n\n<div class=\"wp-container-3 wp-block-columns\">\n<div class=\"wp-container-1 wp-block-column\">\n<h3><em>Star Street<\/em><\/h3>\n\n\n\n<p>Si dice che sulla via detta <strong>Via della Stella <\/strong>(<em>Star street<\/em>) a Betlemme, passarono <strong>Giuseppe<\/strong> e la <strong>Madonna<\/strong> in cerca di un riparo la <strong>notte di Natale<\/strong>. Si dice anche che vi passarono poi i <strong>Magi<\/strong> al seguito della <strong>stella cometa<\/strong>. Per questo nei secoli questa \u00e8 diventata una delle vie pi\u00f9 importanti della Citt\u00e0 vecchia di <strong>Betlemme<\/strong>. Attorno ad essa e alla <strong>Piazza della Mangiatoia <\/strong>(<em>Manger square<\/em>) sorsero le case dei cristiani che volevano vivere proprio l\u00ec dove nacque Ges\u00f9; poi arrivarono i negozi e gli ostelli per i pellegrini e Star Street pullulava di vita.<\/p>\n\n\n<div class=\"wp-block-image\">\n<figure class=\"alignleft size-large is-resized\"><img loading=\"lazy\" src=\"https:\/\/daralmajusguesthouse.proterrasancta.org\/wp-content\/uploads\/2019\/12\/Dar-Al-Majus-16.jpg\" alt=\"\" class=\"wp-image-203\" width=\"379\" height=\"480\" srcset=\"https:\/\/daralmajusguesthouse.proterrasancta.org\/daralmajusguesthouse\/wp-content\/uploads\/2019\/12\/Dar-Al-Majus-16.jpg 758w, https:\/\/daralmajusguesthouse.proterrasancta.org\/daralmajusguesthouse\/wp-content\/uploads\/2019\/12\/Dar-Al-Majus-16-474x600.jpg 474w, https:\/\/daralmajusguesthouse.proterrasancta.org\/daralmajusguesthouse\/wp-content\/uploads\/2019\/12\/Dar-Al-Majus-16-300x380.jpg 300w\" sizes=\"(max-width: 379px) 100vw, 379px\" \/><\/figure><\/div><\/div>\n\n\n\n<div class=\"wp-container-2 wp-block-column\">\n<h3><em>Il progetto Dar al Majus<\/em><\/h3>\n\n\n\n<p>Oggi, a causa delle vicende politiche, in molti se ne sono andati e su <em>Star street<\/em> si affacciano <strong>numerosi edifici vuoti<\/strong>, abbandonati e in stato di degrado. Tra questi vi era anche il complesso in cui oggi sorge la <strong>Dar Al Majus Guesthouse<\/strong>. Questa non \u00e8 solo una comune guesthouse, come potrebbero essercene molte a Betlemme, ma \u00e8 innanzitutto un\u2019opera sociale a <strong>sostegno della comunit\u00e0 locale<\/strong>. Il progetto si colloca all\u2019interno dell\u2019iniziativa di <a href=\"https:\/\/www.proterrasancta.org\/\" target=\"_blank\" rel=\"noreferrer noopener\"><strong>Associazione pro terra Sancta<\/strong><\/a> in collaborazione con la <strong><a href=\"https:\/\/www.custodia.org\/it\" target=\"_blank\" rel=\"noreferrer noopener\">Custodia di Terra Santa<\/a>,<\/strong> che mira all\u2019acquisto, restauro e riutilizzo della propriet\u00e0 per scopi di vario genere. Dar al Majus \u00e8 una di queste propriet\u00e0 che da un lato fornisce accoglienza e dall\u2019altro sostiene l\u2019<strong>economia famigliare locale<\/strong> tramite la creazione di posti di lavoro. I profitti inoltre andranno a finanziare altri progetti sociali.<\/p>\n\n\n\n<p>Dar Al Majus \u00e8 parte di un network di attivit\u00e0 che hanno tutte lo scopo di preservare il patrimonio storico e culturale locale tramite il coinvolgimento e lo sviluppo sostenibile della comunit\u00e0 locale. Fanno parte di questo network anche:<\/p>\n\n\n\n<ul><li>Guesthouse <a rel=\"noreferrer noopener\" href=\"https:\/\/darmamillaguesthouse.proterrasancta.org\/\" target=\"_blank\"><strong>DAR MAMILLA a Gerusalemme.<\/strong><\/a><\/li><li><strong>MOSAIC GUESTHOUSE<\/strong> a <strong>Sebastia e Nisf Jubeil.<\/strong><\/li><\/ul>\n<\/div>\n<\/div>\n\n\n\n<p><strong>Ecco i protagonisti:<\/strong><\/p>\n\n\n\n<div class=\"wp-container-5 wp-block-columns\">\n<div class=\"wp-container-4 wp-block-column\"><div class=\"wp-block-image is-style-rounded\">\n<figure class=\"aligncenter size-large is-resized\"><img loading=\"lazy\" src=\"https:\/\/daralmajusguesthouse.proterrasancta.org\/daralmajusguesthouse\/wp-content\/uploads\/2022\/05\/WhatsApp-Image-2022-05-16-at-11.50.34-edited.jpeg\" alt=\"\" class=\"wp-image-544\" width=\"225\" height=\"225\" srcset=\"https:\/\/daralmajusguesthouse.proterrasancta.org\/daralmajusguesthouse\/wp-content\/uploads\/2022\/05\/WhatsApp-Image-2022-05-16-at-11.50.34-edited.jpeg 900w, https:\/\/daralmajusguesthouse.proterrasancta.org\/daralmajusguesthouse\/wp-content\/uploads\/2022\/05\/WhatsApp-Image-2022-05-16-at-11.50.34-edited-600x600.jpeg 600w, https:\/\/daralmajusguesthouse.proterrasancta.org\/daralmajusguesthouse\/wp-content\/uploads\/2022\/05\/WhatsApp-Image-2022-05-16-at-11.50.34-edited-300x300.jpeg 300w, https:\/\/daralmajusguesthouse.proterrasancta.org\/daralmajusguesthouse\/wp-content\/uploads\/2022\/05\/WhatsApp-Image-2022-05-16-at-11.50.34-edited-768x768.jpeg 768w, https:\/\/daralmajusguesthouse.proterrasancta.org\/daralmajusguesthouse\/wp-content\/uploads\/2022\/05\/WhatsApp-Image-2022-05-16-at-11.50.34-edited-100x100.jpeg 100w, https:\/\/daralmajusguesthouse.proterrasancta.org\/daralmajusguesthouse\/wp-content\/uploads\/2022\/05\/WhatsApp-Image-2022-05-16-at-11.50.34-edited-60x60.jpeg 60w\" sizes=\"(max-width: 225px) 100vw, 225px\" \/><\/figure><\/div>\n\n\n<p class=\"has-text-align-center\"><strong>Chiedi a Roni!<\/strong><br>Roni \u00e8 il gestore della Guesthouse, \u00e8 palestinese, ma parla anche inglese; \u00e8 una persona davvero gentile e disponibile. Per qualsiasi cosa, chiedi a Rony!<\/p>\n<\/div>\n<\/div>\n\n\n\n<p><\/p>\n","protected":false},"excerpt":{"rendered":"<p>Social Community Development &#8211; Sviluppo sociale di comunit\u00e0 Star Street Si dice che sulla via detta Via della Stella (Star &hellip; <a href=\"https:\/\/daralmajusguesthouse.proterrasancta.org\/daralmajusguesthouse\/chi-siamo\/\" class=\"more-link\"><span class=\"more-button\">Read More<span class=\"screen-reader-text\">Chi siamo<\/span><\/span><\/a><\/p>\n","protected":false},"author":2,"featured_media":179,"parent":0,"menu_order":0,"comment_status":"closed","ping_status":"closed","template":"","meta":[],"_links":{"self":[{"href":"https:\/\/daralmajusguesthouse.proterrasancta.org\/daralmajusguesthouse\/wp-json\/wp\/v2\/pages\/20"}],"collection":[{"href":"https:\/\/daralmajusguesthouse.proterrasancta.org\/daralmajusguesthouse\/wp-json\/wp\/v2\/pages"}],"about":[{"href":"https:\/\/daralmajusguesthouse.proterrasancta.org\/daralmajusguesthouse\/wp-json\/wp\/v2\/types\/page"}],"author":[{"embeddable":true,"href":"https:\/\/daralmajusguesthouse.proterrasancta.org\/daralmajusguesthouse\/wp-json\/wp\/v2\/users\/2"}],"replies":[{"embeddable":true,"href":"https:\/\/daralmajusguesthouse.proterrasancta.org\/daralmajusguesthouse\/wp-json\/wp\/v2\/comments?post=20"}],"version-history":[{"count":4,"href":"https:\/\/daralmajusguesthouse.proterrasancta.org\/daralmajusguesthouse\/wp-json\/wp\/v2\/pages\/20\/revisions"}],"predecessor-version":[{"id":571,"href":"https:\/\/daralmajusguesthouse.proterrasancta.org\/daralmajusguesthouse\/wp-json\/wp\/v2\/pages\/20\/revisions\/571"}],"wp:featuredmedia":[{"embeddable":true,"href":"https:\/\/daralmajusguesthouse.proterrasancta.org\/daralmajusguesthouse\/wp-json\/wp\/v2\/media\/179"}],"wp:attachment":[{"href":"https:\/\/daralmajusguesthouse.proterrasancta.org\/daralmajusguesthouse\/wp-json\/wp\/v2\/media?parent=20"}],"curies":[{"name":"wp","href":"https:\/\/api.w.org\/{rel}","templated":true}]}}