{"id":508,"date":"2022-02-07T14:20:01","date_gmt":"2022-02-07T13:20:01","guid":{"rendered":"https:\/\/daralmajusguesthouse.proterrasancta.org\/daralmajusguesthouse\/?page_id=508"},"modified":"2022-02-07T14:27:12","modified_gmt":"2022-02-07T13:27:12","slug":"le-nostre-camere-2","status":"publish","type":"page","link":"https:\/\/daralmajusguesthouse.proterrasancta.org\/daralmajusguesthouse\/le-nostre-camere-2\/","title":{"rendered":"Le nostre camere"},"content":{"rendered":"\n<h2>1 Grotta<\/h2>\n\n\n\n<p>La <strong>Grotta <\/strong>\u00e8 una stanza <strong>splendidamente rinnovata<\/strong> di oltre <strong>duecento anni<\/strong>, che si trova al primo piano di <strong>Dar Al Majus<\/strong>. Ci sono due <strong>comodi letti<\/strong> singoli che possono anche essere uniti, perfetti per le coppie. La camera ha un <strong>piccolo angolo cottura <\/strong>con tavolo e frigorifero. La camera \u00e8 dotata di <strong>bagno privato<\/strong>. I visitatori possono godere dei dettagli fatti a mano come le copertine ricamate, le coperte cucite a mano o le decorazioni a mosaico.<br>A causa della natura antica della stanza non c&#8217;era la possibilit\u00e0 di installare l&#8217;aria condizionata, quindi nel periodo invernale forniamo <strong>stufe elettriche e coperte extra<\/strong> e durante l&#8217;estate mettiamo i <strong>ventilatori <\/strong>nella stanza. Forniamo <strong>asciugamani, sapone e asciugacapelli<\/strong> in ogni camera.<\/p>\n\n\n\n<h2>2 Pastori<\/h2>\n\n\n\n<p>I <strong>Pastori <\/strong>\u00e8 una <strong>confortevole camera per due persone <\/strong>con due letti singoli che possono essere uniti, perfetti per le coppie. Questa <strong>antica camera splendidamente ristrutturata<\/strong> ha una finestra che si affaccia sulla <strong>Star Street<\/strong>, iscritta nella lista del <strong>patrimonio mondiale dell&#8217;UNESCO.<\/strong> La camera luminosa ha il <strong>proprio bagno<\/strong>. Forniamo asciugamani, sapone e asciugacapelli in ogni camera.<br>A causa della natura antica della stanza non c&#8217;era la possibilit\u00e0 di installare l&#8217;aria condizionata, quindi nel periodo invernale forniamo stufe elettriche e coperte extra e durante l&#8217;estate mettiamo i ventilatori nella stanza. Forniamo <strong>asciugamani, sapone e asciugacapelli <\/strong>in ogni camera.<\/p>\n\n\n\n<h2>3 Mangiatoia<\/h2>\n\n\n\n<p>La <strong>Mangiatoia <\/strong>\u00e8 una <strong>camera lussuosa e spaziosa con un letto king size e un letto singolo<\/strong>, cos\u00ec come il <strong>divano <\/strong>che pu\u00f2 essere aperto e trasformato in uno spazio per dormire. La vecchia stanza ha una bella <strong>seduta in stile arabo<\/strong> con una finestra che si affaccia sulla <strong>Star Street<\/strong>, iscritta nella lista del <strong>patrimonio mondiale dell&#8217;UNESCO.<\/strong> Troverete anche una scrivania e un <strong>ampio bagno<\/strong>.<br>A causa della natura antica della stanza non c&#8217;era la possibilit\u00e0 di installare l&#8217;aria condizionata, quindi nel periodo invernale forniamo stufe elettriche e coperte extra e durante l&#8217;estate mettiamo i ventilatori nella stanza. Forniamo<strong> asciugamani, sapone e asciugacapelli in ogni camera<\/strong>.<\/p>\n\n\n\n<h2>4 Gaspare<\/h2>\n\n\n\n<p>La <strong>Gaspare <\/strong>\u00e8 una <strong>camera moderna con letto matrimoniale<\/strong> che pu\u00f2 essere scelta da coup\u00e9 o singoli che amano avere pi\u00f9 spazio per dormire. La camera \u00e8 decorata con <strong>toni di colore vivaci <\/strong>e ha il <strong>proprio bagno<\/strong>. I bellissimi<strong> oggetti di artigianato<\/strong> come uno specchio in cornice a mosaico o le decorazioni ricamate a mano danno un tocco speciale alla stanza. La camera \u00e8 dotata di <strong>aria condizionata<\/strong>. Forniamo <strong>asciugamani, sapone e asciugacapelli<\/strong> in ogni camera.<\/p>\n\n\n\n<h2>5 Melchiorre<\/h2>\n\n\n\n<p>Il <strong>Melchiorre <\/strong>\u00e8 una<strong> camera moderna con un letto matrimoniale <\/strong>che pu\u00f2 essere scelto da coppie o singoli che amano avere pi\u00f9 spazio per dormire. La camera \u00e8 decorata con toni di colore vivaci e ha il proprio bagno. I bellissimi <strong>oggetti di artigianato<\/strong> come uno specchio in cornice a mosaico o le decorazioni ricamate a mano danno un tocco speciale alla stanza. La camera \u00e8 dotata di <strong>aria condizionata<\/strong>.<\/p>\n\n\n\n<h2>6 Baldassarre<\/h2>\n\n\n\n<p>La <strong>camera tripla Baldassarre<\/strong> pu\u00f2 essere utilizzata sia per una <strong>famiglia <\/strong>o un <strong>gruppo <\/strong>di amici che per viaggiatori singoli. C&#8217;\u00e8 un letto singolo e un letto a castello. La camera \u00e8 decorata con toni di colore vivaci e ha il proprio bagno e aria condizionata. Si affaccia su un <strong>piccolo balcone con vista<\/strong> sul cortile interno della pensione. Forniamo<strong> asciugamani, sapone e asciugacapelli <\/strong>in ogni camera.<\/p>\n\n\n\n<div style=\"height:20px\" aria-hidden=\"true\" class=\"wp-block-spacer\"><\/div>\n\n\n\n<div class=\"wp-container-1 wp-block-buttons aligncenter\">\n<div class=\"wp-block-button is-style-outline\"><a class=\"wp-block-button__link has-white-color has-text-color has-background\" href=\"https:\/\/daralmajusguesthouse.proterrasancta.org\/daralmajusguesthouse\/prenotazioni\/\" style=\"border-radius:2px;background-color:#d31418\">PRENOTA ORA<\/a><\/div>\n\n\n\n<div class=\"wp-block-button is-style-outline\"><a class=\"wp-block-button__link has-white-color has-text-color has-background\" href=\"https:\/\/daralmajusguesthouse.proterrasancta.org\/daralmajusguesthouse\/gallery\/\" style=\"border-radius:2px;background-color:#374856\">vai alla gallery<\/a><\/div>\n<\/div>\n","protected":false},"excerpt":{"rendered":"<p>1 Grotta La Grotta \u00e8 una stanza splendidamente rinnovata di oltre duecento anni, che si trova al primo piano di &hellip; <a href=\"https:\/\/daralmajusguesthouse.proterrasancta.org\/daralmajusguesthouse\/le-nostre-camere-2\/\" class=\"more-link\"><span class=\"more-button\">Read More<span class=\"screen-reader-text\">Le nostre camere<\/span><\/span><\/a><\/p>\n","protected":false},"author":5,"featured_media":0,"parent":0,"menu_order":0,"comment_status":"closed","ping_status":"closed","template":"","meta":[],"_links":{"self":[{"href":"https:\/\/daralmajusguesthouse.proterrasancta.org\/daralmajusguesthouse\/wp-json\/wp\/v2\/pages\/508"}],"collection":[{"href":"https:\/\/daralmajusguesthouse.proterrasancta.org\/daralmajusguesthouse\/wp-json\/wp\/v2\/pages"}],"about":[{"href":"https:\/\/daralmajusguesthouse.proterrasancta.org\/daralmajusguesthouse\/wp-json\/wp\/v2\/types\/page"}],"author":[{"embeddable":true,"href":"https:\/\/daralmajusguesthouse.proterrasancta.org\/daralmajusguesthouse\/wp-json\/wp\/v2\/users\/5"}],"replies":[{"embeddable":true,"href":"https:\/\/daralmajusguesthouse.proterrasancta.org\/daralmajusguesthouse\/wp-json\/wp\/v2\/comments?post=508"}],"version-history":[{"count":5,"href":"https:\/\/daralmajusguesthouse.proterrasancta.org\/daralmajusguesthouse\/wp-json\/wp\/v2\/pages\/508\/revisions"}],"predecessor-version":[{"id":516,"href":"https:\/\/daralmajusguesthouse.proterrasancta.org\/daralmajusguesthouse\/wp-json\/wp\/v2\/pages\/508\/revisions\/516"}],"wp:attachment":[{"href":"https:\/\/daralmajusguesthouse.proterrasancta.org\/daralmajusguesthouse\/wp-json\/wp\/v2\/media?parent=508"}],"curies":[{"name":"wp","href":"https:\/\/api.w.org\/{rel}","templated":true}]}}