{"id":9,"date":"2019-11-08T10:53:21","date_gmt":"2019-11-08T09:53:21","guid":{"rendered":"http:\/\/www.daralmajusguesthouse.proterrasancta.org\/?page_id=9"},"modified":"2022-05-18T15:09:35","modified_gmt":"2022-05-18T13:09:35","slug":"dar-al-majus-guest-house","status":"publish","type":"page","link":"https:\/\/daralmajusguesthouse.proterrasancta.org\/daralmajusguesthouse\/","title":{"rendered":"DAR AL MAJUS Guest House"},"content":{"rendered":"\n<div class=\"wp-block-image\"><figure class=\"aligncenter\"><img loading=\"lazy\" width=\"960\" height=\"135\" src=\"https:\/\/www.daralmajusguesthouse.proterrasancta.org\/wp-content\/uploads\/2019\/11\/betlemme.png\" alt=\"Dar Al Majus\" class=\"wp-image-75\" srcset=\"https:\/\/daralmajusguesthouse.proterrasancta.org\/daralmajusguesthouse\/wp-content\/uploads\/2019\/11\/betlemme.png 960w, https:\/\/daralmajusguesthouse.proterrasancta.org\/daralmajusguesthouse\/wp-content\/uploads\/2019\/11\/betlemme-800x113.png 800w, https:\/\/daralmajusguesthouse.proterrasancta.org\/daralmajusguesthouse\/wp-content\/uploads\/2019\/11\/betlemme-300x42.png 300w, https:\/\/daralmajusguesthouse.proterrasancta.org\/daralmajusguesthouse\/wp-content\/uploads\/2019\/11\/betlemme-768x108.png 768w\" sizes=\"(max-width: 960px) 100vw, 960px\" \/><\/figure><\/div>\n\n\n\n<blockquote class=\"wp-block-quote\"><p>Dar Al Majus, &#8216;Casa dei Re Magi&#8217;: la tua casa a Betlemme a pochi passi dalla Basilica della Nativit\u00e0<\/p><\/blockquote>\n\n\n\n<ul><li><strong>Ottima accoglienza<\/strong><\/li><li><strong>Terrazza con vista<\/strong><\/li><li><strong>Camere per famiglie<\/strong><\/li><li><strong>Ottima colazione inclusa<\/strong><\/li><li><strong>Cucina tradizionale o self-cooking<\/strong><\/li><li><strong>Wi-Fi Gratis<\/strong><\/li><\/ul>\n\n\n\n<p><em>Dar Al Majus<\/em> in arabo significa \u201c<strong>Casa dei Re Magi<\/strong>\u201d, coloro che per primi intrapresero un lungo viaggio per conoscere e adorare <strong>Ges\u00f9 bambino<\/strong>. In questo loro viaggio si dice che siano passati dalla <em>Star Street<\/em>, la Via della Stella dove oggi si trova la nostra guesthouse e chiss\u00e0 che magari non abbiano sostato, per un attimo, proprio qui! <strong>Dar<\/strong> significa appunto <strong>casa<\/strong> e noi vorremmo che la nostra possa essere una casa per chiunque, pellegrino o turista, voglia passare del tempo a Betlemme, per visitare la <strong>Basilica della Nativit\u00e0<\/strong> certo, ma anche per conoscere pi\u00f9 a fondo una realt\u00e0 di persone che ancora oggi vive qui e custodisce il luogo dove \u00e8 nato Ges\u00f9.<\/p>\n\n\n\n<hr class=\"wp-block-separator is-style-default\"\/>\n\n\n\n<div class=\"wp-container-4 wp-block-columns\">\n<div class=\"wp-container-1 wp-block-column\" style=\"flex-basis:25%\"><\/div>\n\n\n\n<div class=\"wp-container-2 wp-block-column is-vertically-aligned-center\" style=\"flex-basis:50%\">\n<h2 class=\"has-text-align-center\">Cosa aspetti?<\/h2>\n<\/div>\n\n\n\n<div class=\"wp-container-3 wp-block-column is-vertically-aligned-center\" style=\"flex-basis:25%\"><\/div>\n<\/div>\n\n\n\n<div class=\"wp-container-9 wp-block-columns\">\n<div class=\"wp-container-5 wp-block-column\" style=\"flex-basis:25%\"><\/div>\n\n\n\n<div class=\"wp-container-7 wp-block-column\" style=\"flex-basis:50%\">\n<div class=\"wp-container-6 wp-block-buttons aligncenter\">\n<div class=\"wp-block-button\"><a class=\"wp-block-button__link has-white-color has-text-color has-background\" href=\"https:\/\/darmamillaguesthouse.proterrasancta.org\/daralmajusguesthouse\/prenotazioni\/\" style=\"background-color:#dd3333\">prenota ora<\/a><\/div>\n<\/div>\n\n\n\n<p><\/p>\n<\/div>\n\n\n\n<div class=\"wp-container-8 wp-block-column\" style=\"flex-basis:25%\"><\/div>\n<\/div>\n","protected":false},"excerpt":{"rendered":"<p>Dar Al Majus, &#8216;Casa dei Re Magi&#8217;: la tua casa a Betlemme a pochi passi dalla Basilica della Nativit\u00e0 Ottima &hellip; <a href=\"https:\/\/daralmajusguesthouse.proterrasancta.org\/daralmajusguesthouse\/\" class=\"more-link\"><span class=\"more-button\">Read More<span class=\"screen-reader-text\">DAR AL MAJUS Guest House<\/span><\/span><\/a><\/p>\n","protected":false},"author":1,"featured_media":0,"parent":0,"menu_order":0,"comment_status":"closed","ping_status":"closed","template":"","meta":[],"_links":{"self":[{"href":"https:\/\/daralmajusguesthouse.proterrasancta.org\/daralmajusguesthouse\/wp-json\/wp\/v2\/pages\/9"}],"collection":[{"href":"https:\/\/daralmajusguesthouse.proterrasancta.org\/daralmajusguesthouse\/wp-json\/wp\/v2\/pages"}],"about":[{"href":"https:\/\/daralmajusguesthouse.proterrasancta.org\/daralmajusguesthouse\/wp-json\/wp\/v2\/types\/page"}],"author":[{"embeddable":true,"href":"https:\/\/daralmajusguesthouse.proterrasancta.org\/daralmajusguesthouse\/wp-json\/wp\/v2\/users\/1"}],"replies":[{"embeddable":true,"href":"https:\/\/daralmajusguesthouse.proterrasancta.org\/daralmajusguesthouse\/wp-json\/wp\/v2\/comments?post=9"}],"version-history":[{"count":5,"href":"https:\/\/daralmajusguesthouse.proterrasancta.org\/daralmajusguesthouse\/wp-json\/wp\/v2\/pages\/9\/revisions"}],"predecessor-version":[{"id":541,"href":"https:\/\/daralmajusguesthouse.proterrasancta.org\/daralmajusguesthouse\/wp-json\/wp\/v2\/pages\/9\/revisions\/541"}],"wp:attachment":[{"href":"https:\/\/daralmajusguesthouse.proterrasancta.org\/daralmajusguesthouse\/wp-json\/wp\/v2\/media?parent=9"}],"curies":[{"name":"wp","href":"https:\/\/api.w.org\/{rel}","templated":true}]}}